{"id":1628,"date":"2020-12-03T09:01:18","date_gmt":"2020-12-03T09:01:18","guid":{"rendered":"https:\/\/viet-foundation.org\/?page_id=1628"},"modified":"2020-12-08T16:53:47","modified_gmt":"2020-12-08T16:53:47","slug":"shop-3","status":"publish","type":"page","link":"https:\/\/viet-foundation.org\/vi\/shop-3\/","title":{"rendered":"NewShop"},"content":{"rendered":"<div data-elementor-type=\"wp-page\" data-elementor-id=\"1628\" class=\"elementor elementor-1628\">\n\t\t\t\t\t\t<section class=\"elementor-section elementor-top-section elementor-element elementor-element-3e1d55e3 elementor-section-boxed elementor-section-height-default elementor-section-height-default\" data-id=\"3e1d55e3\" data-element_type=\"section\" data-settings=\"{&quot;background_background&quot;:&quot;classic&quot;}\">\n\t\t\t\t\t\t\t<div class=\"elementor-background-overlay\"><\/div>\n\t\t\t\t\t\t\t<div class=\"elementor-container elementor-column-gap-no\">\n\t\t\t\t\t<div class=\"elementor-column elementor-col-100 elementor-top-column elementor-element elementor-element-645ac116\" data-id=\"645ac116\" data-element_type=\"column\">\n\t\t\t<div class=\"elementor-widget-wrap elementor-element-populated\">\n\t\t\t\t\t\t<div class=\"elementor-element elementor-element-140b759c elementor-widget elementor-widget-heading\" data-id=\"140b759c\" data-element_type=\"widget\" data-widget_type=\"heading.default\">\n\t\t\t\t<div class=\"elementor-widget-container\">\n\t\t\t\t\t<h1 class=\"elementor-heading-title elementor-size-default\">C\u1eeda H\u00e0ng Online<\/h1>\t\t\t\t<\/div>\n\t\t\t\t<\/div>\n\t\t\t\t<div class=\"elementor-element elementor-element-5ab7ff33 elementor-widget elementor-widget-text-editor\" data-id=\"5ab7ff33\" data-element_type=\"widget\" data-widget_type=\"text-editor.default\">\n\t\t\t\t<div class=\"elementor-widget-container\">\n\t\t\t\t\t\t\t\t\t<p>100% l\u1ee3i nhu\u1eadn c\u1ee7a vi\u1ec7c mua h\u00e0ng s\u1ebd gi\u00fap \u0111\u1ee1 c\u00e1c em h\u1ecdc sinh, sinh vi\u00ean.<\/p>\t\t\t\t\t\t\t\t<\/div>\n\t\t\t\t<\/div>\n\t\t\t\t\t<\/div>\n\t\t<\/div>\n\t\t\t\t\t<\/div>\n\t\t<\/section>\n\t\t\t\t<section class=\"elementor-section elementor-top-section elementor-element elementor-element-3d7d45a elementor-section-boxed elementor-section-height-default elementor-section-height-default\" data-id=\"3d7d45a\" data-element_type=\"section\">\n\t\t\t\t\t\t<div class=\"elementor-container elementor-column-gap-default\">\n\t\t\t\t\t<div class=\"elementor-column elementor-col-100 elementor-top-column elementor-element elementor-element-e227f73\" data-id=\"e227f73\" data-element_type=\"column\">\n\t\t\t<div class=\"elementor-widget-wrap elementor-element-populated\">\n\t\t\t\t\t\t<div class=\"elementor-element elementor-element-372f3c4 elementor-view-default elementor-widget elementor-widget-icon\" data-id=\"372f3c4\" data-element_type=\"widget\" data-widget_type=\"icon.default\">\n\t\t\t\t<div class=\"elementor-widget-container\">\n\t\t\t\t\t\t\t<div class=\"elementor-icon-wrapper\">\n\t\t\t<div class=\"elementor-icon\">\n\t\t\t<i aria-hidden=\"true\" class=\"fas fa-hand-holding-heart\"><\/i>\t\t\t<\/div>\n\t\t<\/div>\n\t\t\t\t\t\t<\/div>\n\t\t\t\t<\/div>\n\t\t\t\t<div class=\"elementor-element elementor-element-3d7c9fc elementor-widget elementor-widget-heading\" data-id=\"3d7c9fc\" data-element_type=\"widget\" data-widget_type=\"heading.default\">\n\t\t\t\t<div class=\"elementor-widget-container\">\n\t\t\t\t\t<h2 class=\"elementor-heading-title elementor-size-default\">Kh\u1ea7u trang l\u00e0m b\u1eb1ng l\u1ee5a t\u01a1 t\u1eb1m<\/h2>\t\t\t\t<\/div>\n\t\t\t\t<\/div>\n\t\t\t\t<div class=\"elementor-element elementor-element-b7dd96d elementor-widget-divider--view-line_text elementor-widget-divider--element-align-center elementor-widget elementor-widget-divider\" data-id=\"b7dd96d\" data-element_type=\"widget\" data-widget_type=\"divider.default\">\n\t\t\t\t<div class=\"elementor-widget-container\">\n\t\t\t\t\t\t\t<div class=\"elementor-divider\">\n\t\t\t<span class=\"elementor-divider-separator\">\n\t\t\t\t\t\t\t<span class=\"elementor-divider__text elementor-divider__element\">\n\t\t\t\t\u0110\u01b0\u1ee3c l\u00e0m th\u1ee7 c\u00f4ng t\u1ea1i Vi\u1ec7t Nam.\t\t\t\t<\/span>\n\t\t\t\t\t\t<\/span>\n\t\t<\/div>\n\t\t\t\t\t\t<\/div>\n\t\t\t\t<\/div>\n\t\t\t\t\t<\/div>\n\t\t<\/div>\n\t\t\t\t\t<\/div>\n\t\t<\/section>\n\t\t\t\t<section class=\"elementor-section elementor-top-section elementor-element elementor-element-da36d9d elementor-section-content-middle elementor-section-boxed elementor-section-height-default elementor-section-height-default\" data-id=\"da36d9d\" data-element_type=\"section\" data-settings=\"{&quot;background_background&quot;:&quot;classic&quot;}\">\n\t\t\t\t\t\t\t<div class=\"elementor-background-overlay\"><\/div>\n\t\t\t\t\t\t\t<div class=\"elementor-container elementor-column-gap-no\">\n\t\t\t\t\t<div class=\"elementor-column elementor-col-100 elementor-top-column elementor-element elementor-element-efbc4d6\" data-id=\"efbc4d6\" data-element_type=\"column\">\n\t\t\t<div class=\"elementor-widget-wrap elementor-element-populated\">\n\t\t\t\t\t\t<div class=\"elementor-element elementor-element-4fa536b elementor-widget elementor-widget-text-editor\" data-id=\"4fa536b\" data-element_type=\"widget\" data-widget_type=\"text-editor.default\">\n\t\t\t\t<div class=\"elementor-widget-container\">\n\t\t\t\t\t\t\t\t\t<p>100% l\u1ee3i nhu\u1eadn c\u1ee7a vi\u1ec7c mua h\u00e0ng s\u1ebd gi\u00fap \u0111\u1ee1 c\u00e1c em h\u1ecdc sinh, sinh vi\u00ean.<\/p><p>T\u1ea1i sao ch\u1ecdn mua kh\u1ea7u trang b\u1eb1ng t\u01a1 t\u1eb1m?<br \/>R\u1ea5t m\u1ec1m m\u1ea1i tr\u00ean da c\u1ee7a b\u1ea1n, v\u00e0 d\u1ec5 h\u00edt th\u1edf d\u01b0\u1edbi l\u1edbp kh\u1ea7u trang cho d\u00f9 b\u1ea1n \u0111eo c\u1ea3 ng\u00e0y.<br \/>D\u1ec5 gi\u1eb7t \u1ee7i v\u1edbi kh\u1ea7u trang n\u00e0y - hai l\u1edbp l\u1ee5a t\u01a1 t\u1eb1m v\u00e0 d\u00e2y \u0111eo l\u00e0m b\u1eb1ng thun c\u00f3 \u0111\u1ecd co d\u00e3n cao v\u00e0 c\u00f3 n\u00fat th\u1eaft \u0111\u1ec3 \u0111i\u1ec1u ch\u00ecnh kh\u1ea7u trang v\u1eeba v\u1eb7n<br \/>Kh\u00e1ng khu\u1ea7n v\u00e0 ch\u1ed1ng d\u1ecb \u1ee9ng cho l\u00e0n da nh\u1ea1y c\u1ea3m, tuy\u1ec7t \u0111\u1ed1i l\u00e0 l\u1ef1a ch\u1ecdn th\u00edch h\u1ee3p cho b\u1ea5t c\u1ee9 ai c\u00f3 v\u1ea5n \u0111\u1ec1 v\u1ec1 m\u1ee5n tr\u00ean da m\u1eb7t.<\/p>\t\t\t\t\t\t\t\t<\/div>\n\t\t\t\t<\/div>\n\t\t\t\t\t<\/div>\n\t\t<\/div>\n\t\t\t\t\t<\/div>\n\t\t<\/section>\n\t\t\t\t<section class=\"elementor-section elementor-top-section elementor-element elementor-element-fa00223 elementor-section-boxed elementor-section-height-default elementor-section-height-default\" data-id=\"fa00223\" data-element_type=\"section\">\n\t\t\t\t\t\t<div class=\"elementor-container elementor-column-gap-default\">\n\t\t\t\t\t<div class=\"elementor-column elementor-col-25 elementor-top-column elementor-element elementor-element-726c122\" data-id=\"726c122\" data-element_type=\"column\">\n\t\t\t<div class=\"elementor-widget-wrap\">\n\t\t\t\t\t\t\t<\/div>\n\t\t<\/div>\n\t\t\t\t<div class=\"elementor-column elementor-col-25 elementor-top-column elementor-element elementor-element-063ab91\" data-id=\"063ab91\" data-element_type=\"column\">\n\t\t\t<div class=\"elementor-widget-wrap elementor-element-populated\">\n\t\t\t\t\t\t<div class=\"elementor-element elementor-element-af78c09 elementor-widget elementor-widget-image\" data-id=\"af78c09\" data-element_type=\"widget\" data-widget_type=\"image.default\">\n\t\t\t\t<div class=\"elementor-widget-container\">\n\t\t\t\t\t\t\t\t\t\t\t\t\t\t\t<img fetchpriority=\"high\" decoding=\"async\" width=\"1152\" height=\"1536\" src=\"https:\/\/viet-foundation.org\/wp-content\/uploads\/2020\/12\/1-6-1152x1536.jpg\" class=\"attachment-1536x1536 size-1536x1536 wp-image-1674\" alt=\"\" srcset=\"https:\/\/viet-foundation.org\/wp-content\/uploads\/2020\/12\/1-6-1152x1536.jpg 1152w, https:\/\/viet-foundation.org\/wp-content\/uploads\/2020\/12\/1-6-600x800.jpg 600w, https:\/\/viet-foundation.org\/wp-content\/uploads\/2020\/12\/1-6-225x300.jpg 225w, https:\/\/viet-foundation.org\/wp-content\/uploads\/2020\/12\/1-6-768x1024.jpg 768w, https:\/\/viet-foundation.org\/wp-content\/uploads\/2020\/12\/1-6.jpg 1500w\" sizes=\"(max-width: 1152px) 100vw, 1152px\" \/>\t\t\t\t\t\t\t\t\t\t\t\t\t\t\t<\/div>\n\t\t\t\t<\/div>\n\t\t\t\t<div class=\"elementor-element elementor-element-a01a94a elementor-widget elementor-widget-text-editor\" data-id=\"a01a94a\" data-element_type=\"widget\" data-widget_type=\"text-editor.default\">\n\t\t\t\t<div class=\"elementor-widget-container\">\n\t\t\t\t\t\t\t\t\t<p>L\u00e0m quen v\u1edbi s\u1ea3n ph\u1ea9m kh\u1ea9u trang l\u1ee5a t\u01a1 t\u1eb1m! B\u1ea1n s\u1ebd tr\u1ea3i nghi\u1ec7m tuy\u1ec7t \u0111\u1ed1i v\u1edbi nhi\u1ec1u c\u00f4ng d\u1ee5ng c\u1ee7a kh\u1ea7u trang t\u01a1 t\u1eb1m n\u00e0y. Tin t\u00f4i \u0111i l\u00e0n da c\u1ee7a b\u1ea1n s\u1ebd c\u1ea3m \u01a1n b\u1ea1n r\u1ea5t nhi\u1ec1u v\u1edbi s\u1ef1 l\u1ef1a ch\u1ecdn n\u00e0y.<\/p>\t\t\t\t\t\t\t\t<\/div>\n\t\t\t\t<\/div>\n\t\t\t\t<div class=\"elementor-element elementor-element-ab3b305 elementor-align-center elementor-widget elementor-widget-button\" data-id=\"ab3b305\" data-element_type=\"widget\" data-widget_type=\"button.default\">\n\t\t\t\t<div class=\"elementor-widget-container\">\n\t\t\t\t\t\t\t\t\t<div class=\"elementor-button-wrapper\">\n\t\t\t\t\t<a class=\"elementor-button elementor-button-link elementor-size-xs\" href=\"https:\/\/www.etsy.com\/shop\/VietFoundation?ref=simple-shop-header-name&#038;listing_id=890836695\">\n\t\t\t\t\t\t<span class=\"elementor-button-content-wrapper\">\n\t\t\t\t\t\t<span class=\"elementor-button-icon\">\n\t\t\t\t<i aria-hidden=\"true\" class=\"fas fa-long-arrow-alt-right\"><\/i>\t\t\t<\/span>\n\t\t\t\t\t\t\t\t\t<span class=\"elementor-button-text\">\u0110\u1eb7t h\u00e0ng mua ngay h\u00f4m nay!<\/span>\n\t\t\t\t\t<\/span>\n\t\t\t\t\t<\/a>\n\t\t\t\t<\/div>\n\t\t\t\t\t\t\t\t<\/div>\n\t\t\t\t<\/div>\n\t\t\t\t\t<\/div>\n\t\t<\/div>\n\t\t\t\t<div class=\"elementor-column elementor-col-25 elementor-top-column elementor-element elementor-element-815569e\" data-id=\"815569e\" data-element_type=\"column\">\n\t\t\t<div class=\"elementor-widget-wrap elementor-element-populated\">\n\t\t\t\t\t\t<div class=\"elementor-element elementor-element-0cdb8ef elementor-widget elementor-widget-image\" data-id=\"0cdb8ef\" data-element_type=\"widget\" data-widget_type=\"image.default\">\n\t\t\t\t<div class=\"elementor-widget-container\">\n\t\t\t\t\t\t\t\t\t\t\t\t\t\t\t<img decoding=\"async\" width=\"936\" height=\"1024\" src=\"https:\/\/viet-foundation.org\/wp-content\/uploads\/2020\/12\/il_1588xN.2606591716_stqv-1-936x1024.jpg\" class=\"attachment-large size-large wp-image-1659\" alt=\"\" srcset=\"https:\/\/viet-foundation.org\/wp-content\/uploads\/2020\/12\/il_1588xN.2606591716_stqv-1-936x1024.jpg 936w, https:\/\/viet-foundation.org\/wp-content\/uploads\/2020\/12\/il_1588xN.2606591716_stqv-1-600x656.jpg 600w, https:\/\/viet-foundation.org\/wp-content\/uploads\/2020\/12\/il_1588xN.2606591716_stqv-1-274x300.jpg 274w, https:\/\/viet-foundation.org\/wp-content\/uploads\/2020\/12\/il_1588xN.2606591716_stqv-1-768x840.jpg 768w, https:\/\/viet-foundation.org\/wp-content\/uploads\/2020\/12\/il_1588xN.2606591716_stqv-1-1404x1536.jpg 1404w, https:\/\/viet-foundation.org\/wp-content\/uploads\/2020\/12\/il_1588xN.2606591716_stqv-1.jpg 1588w\" sizes=\"(max-width: 936px) 100vw, 936px\" \/>\t\t\t\t\t\t\t\t\t\t\t\t\t\t\t<\/div>\n\t\t\t\t<\/div>\n\t\t\t\t<div class=\"elementor-element elementor-element-81ce838 elementor-widget elementor-widget-image\" data-id=\"81ce838\" data-element_type=\"widget\" data-widget_type=\"image.default\">\n\t\t\t\t<div class=\"elementor-widget-container\">\n\t\t\t\t\t\t\t\t\t\t\t\t\t\t\t<img decoding=\"async\" width=\"1021\" height=\"1024\" src=\"https:\/\/viet-foundation.org\/wp-content\/uploads\/2020\/12\/3-2-1021x1024.jpg\" class=\"attachment-large size-large wp-image-1673\" alt=\"\" srcset=\"https:\/\/viet-foundation.org\/wp-content\/uploads\/2020\/12\/3-2-1021x1024.jpg 1021w, https:\/\/viet-foundation.org\/wp-content\/uploads\/2020\/12\/3-2-300x300.jpg 300w, https:\/\/viet-foundation.org\/wp-content\/uploads\/2020\/12\/3-2-100x100.jpg 100w, https:\/\/viet-foundation.org\/wp-content\/uploads\/2020\/12\/3-2-600x602.jpg 600w, https:\/\/viet-foundation.org\/wp-content\/uploads\/2020\/12\/3-2-150x150.jpg 150w, https:\/\/viet-foundation.org\/wp-content\/uploads\/2020\/12\/3-2-768x770.jpg 768w, https:\/\/viet-foundation.org\/wp-content\/uploads\/2020\/12\/3-2.jpg 1499w\" sizes=\"(max-width: 1021px) 100vw, 1021px\" \/>\t\t\t\t\t\t\t\t\t\t\t\t\t\t\t<\/div>\n\t\t\t\t<\/div>\n\t\t\t\t\t<\/div>\n\t\t<\/div>\n\t\t\t\t<div class=\"elementor-column elementor-col-25 elementor-top-column elementor-element elementor-element-622c93c\" data-id=\"622c93c\" data-element_type=\"column\">\n\t\t\t<div class=\"elementor-widget-wrap\">\n\t\t\t\t\t\t\t<\/div>\n\t\t<\/div>\n\t\t\t\t\t<\/div>\n\t\t<\/section>\n\t\t\t\t<section class=\"elementor-section elementor-top-section elementor-element elementor-element-b7deda6 elementor-section-boxed elementor-section-height-default elementor-section-height-default\" data-id=\"b7deda6\" data-element_type=\"section\">\n\t\t\t\t\t\t<div class=\"elementor-container elementor-column-gap-default\">\n\t\t\t\t\t<div class=\"elementor-column elementor-col-100 elementor-top-column elementor-element elementor-element-ba1de29\" data-id=\"ba1de29\" data-element_type=\"column\">\n\t\t\t<div class=\"elementor-widget-wrap elementor-element-populated\">\n\t\t\t\t\t\t<div class=\"elementor-element elementor-element-b009df7 elementor-widget elementor-widget-spacer\" data-id=\"b009df7\" data-element_type=\"widget\" data-widget_type=\"spacer.default\">\n\t\t\t\t<div class=\"elementor-widget-container\">\n\t\t\t\t\t\t\t<div class=\"elementor-spacer\">\n\t\t\t<div class=\"elementor-spacer-inner\"><\/div>\n\t\t<\/div>\n\t\t\t\t\t\t<\/div>\n\t\t\t\t<\/div>\n\t\t\t\t\t<\/div>\n\t\t<\/div>\n\t\t\t\t\t<\/div>\n\t\t<\/section>\n\t\t\t\t<\/div>","protected":false},"excerpt":{"rendered":"<p>Online Shop 100% of proceeds will go to helping youth in Vietnam. Mulberry Silk Masks HANDMADE IN VIETNAM 100% of proceeds will go to helping youth in Vietnam to achieve higher education. Mulberry Face Mask, why not?&#8211; So gentle on your skin and super breathable to wear for the whole day&#8211; Easy to wash and &hellip;<\/p>\n<p class=\"read-more\"> <a class=\"\" href=\"https:\/\/viet-foundation.org\/vi\/shop-3\/\"> <span class=\"screen-reader-text\">NewShop<\/span> Read More &raquo;<\/a><\/p>","protected":false},"author":1,"featured_media":0,"parent":0,"menu_order":0,"comment_status":"closed","ping_status":"closed","template":"","meta":{"footnotes":""},"class_list":["post-1628","page","type-page","status-publish","hentry"],"_links":{"self":[{"href":"https:\/\/viet-foundation.org\/vi\/wp-json\/wp\/v2\/pages\/1628","targetHints":{"allow":["GET"]}}],"collection":[{"href":"https:\/\/viet-foundation.org\/vi\/wp-json\/wp\/v2\/pages"}],"about":[{"href":"https:\/\/viet-foundation.org\/vi\/wp-json\/wp\/v2\/types\/page"}],"author":[{"embeddable":true,"href":"https:\/\/viet-foundation.org\/vi\/wp-json\/wp\/v2\/users\/1"}],"replies":[{"embeddable":true,"href":"https:\/\/viet-foundation.org\/vi\/wp-json\/wp\/v2\/comments?post=1628"}],"version-history":[{"count":5,"href":"https:\/\/viet-foundation.org\/vi\/wp-json\/wp\/v2\/pages\/1628\/revisions"}],"predecessor-version":[{"id":1712,"href":"https:\/\/viet-foundation.org\/vi\/wp-json\/wp\/v2\/pages\/1628\/revisions\/1712"}],"wp:attachment":[{"href":"https:\/\/viet-foundation.org\/vi\/wp-json\/wp\/v2\/media?parent=1628"}],"curies":[{"name":"wp","href":"https:\/\/api.w.org\/{rel}","templated":true}]}}