{"id":14,"date":"2017-09-14T10:44:01","date_gmt":"2017-09-14T10:44:01","guid":{"rendered":"https:\/\/viet-foundation.org\/\/?page_id=14"},"modified":"2023-03-05T01:26:54","modified_gmt":"2023-03-05T01:26:54","slug":"scholarships","status":"publish","type":"page","link":"https:\/\/viet-foundation.org\/vi\/scholarships\/","title":{"rendered":"H\u1ecdc b\u1ed5ng"},"content":{"rendered":"<div data-elementor-type=\"wp-post\" data-elementor-id=\"14\" class=\"elementor elementor-14\">\n\t\t\t\t\t\t<section class=\"elementor-section elementor-top-section elementor-element elementor-element-c2a3bc8 elementor-section-boxed elementor-section-height-default elementor-section-height-default\" data-id=\"c2a3bc8\" data-element_type=\"section\" data-settings=\"{&quot;background_background&quot;:&quot;classic&quot;}\">\n\t\t\t\t\t\t\t<div class=\"elementor-background-overlay\"><\/div>\n\t\t\t\t\t\t\t<div class=\"elementor-container elementor-column-gap-no\">\n\t\t\t\t\t<div class=\"elementor-column elementor-col-100 elementor-top-column elementor-element elementor-element-26c71c5\" data-id=\"26c71c5\" data-element_type=\"column\">\n\t\t\t<div class=\"elementor-widget-wrap elementor-element-populated\">\n\t\t\t\t\t\t<div class=\"elementor-element elementor-element-f23a1e2 elementor-widget elementor-widget-heading\" data-id=\"f23a1e2\" data-element_type=\"widget\" data-widget_type=\"heading.default\">\n\t\t\t\t<div class=\"elementor-widget-container\">\n\t\t\t\t\t<h1 class=\"elementor-heading-title elementor-size-default\">C\u00e1c ch\u01b0\u01a1ng tr\u00ecnh h\u1ecdc b\u1ed5ng c\u1ee7a ch\u00fang t\u00f4i<\/h1>\t\t\t\t<\/div>\n\t\t\t\t<\/div>\n\t\t\t\t<div class=\"elementor-element elementor-element-bae464d elementor-widget elementor-widget-text-editor\" data-id=\"bae464d\" data-element_type=\"widget\" data-widget_type=\"text-editor.default\">\n\t\t\t\t<div class=\"elementor-widget-container\">\n\t\t\t\t\t\t\t\t\t<p>C\u00e1c ch\u01b0\u01a1ng tr\u00ecnh h\u1ecdc b\u1ed5ng c\u1ee7a ch\u00fang t\u00f4i ch\u00fa tr\u1ecdng vi\u1ec7c h\u1ed7 tr\u1ee3 t\u00e0i ch\u00ednh cho c\u00e1c em h\u1ecdc sinh, sinh vi\u00ean n\u1eb1m trong danh s\u00e1ch h\u1ed9 ngh\u00e8o ho\u1eb7c c\u00e1c h\u1ed9 c\u00f3 c\u1ea3nh kh\u00f3 kh\u0103n t\u1ea1i nhi\u1ec1u v\u00f9ng qu\u00ea Vi\u1ec7t Nam.<\/p>\t\t\t\t\t\t\t\t<\/div>\n\t\t\t\t<\/div>\n\t\t\t\t\t<\/div>\n\t\t<\/div>\n\t\t\t\t\t<\/div>\n\t\t<\/section>\n\t\t\t\t<section class=\"elementor-section elementor-top-section elementor-element elementor-element-b87224d elementor-section-boxed elementor-section-height-default elementor-section-height-default\" data-id=\"b87224d\" data-element_type=\"section\" data-settings=\"{&quot;background_background&quot;:&quot;classic&quot;}\">\n\t\t\t\t\t\t<div class=\"elementor-container elementor-column-gap-no\">\n\t\t\t\t\t<div class=\"elementor-column elementor-col-100 elementor-top-column elementor-element elementor-element-ae7738f\" data-id=\"ae7738f\" data-element_type=\"column\">\n\t\t\t<div class=\"elementor-widget-wrap elementor-element-populated\">\n\t\t\t\t\t\t<section class=\"elementor-section elementor-inner-section elementor-element elementor-element-bbea954 elementor-section-content-middle elementor-section-boxed elementor-section-height-default elementor-section-height-default\" data-id=\"bbea954\" data-element_type=\"section\">\n\t\t\t\t\t\t<div class=\"elementor-container elementor-column-gap-no\">\n\t\t\t\t\t<div class=\"elementor-column elementor-col-50 elementor-inner-column elementor-element elementor-element-f39e09c\" data-id=\"f39e09c\" data-element_type=\"column\" data-settings=\"{&quot;background_background&quot;:&quot;classic&quot;}\">\n\t\t\t<div class=\"elementor-widget-wrap elementor-element-populated\">\n\t\t\t\t\t<div class=\"elementor-background-overlay\"><\/div>\n\t\t\t\t\t\t<div class=\"elementor-element elementor-element-1f3b38a elementor-widget elementor-widget-image\" data-id=\"1f3b38a\" data-element_type=\"widget\" data-settings=\"{&quot;_animation&quot;:&quot;none&quot;}\" data-widget_type=\"image.default\">\n\t\t\t\t<div class=\"elementor-widget-container\">\n\t\t\t\t\t\t\t\t\t\t\t\t\t\t\t<img fetchpriority=\"high\" decoding=\"async\" width=\"3000\" height=\"3000\" src=\"https:\/\/viet-foundation.org\/wp-content\/uploads\/2020\/09\/download-2.png\" class=\"attachment-full size-full wp-image-1339\" alt=\"\" srcset=\"https:\/\/viet-foundation.org\/wp-content\/uploads\/2020\/09\/download-2.png 3000w, https:\/\/viet-foundation.org\/wp-content\/uploads\/2020\/09\/download-2-300x300.png 300w, https:\/\/viet-foundation.org\/wp-content\/uploads\/2020\/09\/download-2-100x100.png 100w, https:\/\/viet-foundation.org\/wp-content\/uploads\/2020\/09\/download-2-600x600.png 600w, https:\/\/viet-foundation.org\/wp-content\/uploads\/2020\/09\/download-2-1024x1024.png 1024w, https:\/\/viet-foundation.org\/wp-content\/uploads\/2020\/09\/download-2-150x150.png 150w, https:\/\/viet-foundation.org\/wp-content\/uploads\/2020\/09\/download-2-768x768.png 768w, https:\/\/viet-foundation.org\/wp-content\/uploads\/2020\/09\/download-2-1536x1536.png 1536w, https:\/\/viet-foundation.org\/wp-content\/uploads\/2020\/09\/download-2-2048x2048.png 2048w\" sizes=\"(max-width: 3000px) 100vw, 3000px\" \/>\t\t\t\t\t\t\t\t\t\t\t\t\t\t\t<\/div>\n\t\t\t\t<\/div>\n\t\t\t\t\t<\/div>\n\t\t<\/div>\n\t\t\t\t<div class=\"elementor-column elementor-col-50 elementor-inner-column elementor-element elementor-element-939e54f\" data-id=\"939e54f\" data-element_type=\"column\">\n\t\t\t<div class=\"elementor-widget-wrap elementor-element-populated\">\n\t\t\t\t\t\t<div class=\"elementor-element elementor-element-f71f7af elementor-widget elementor-widget-heading\" data-id=\"f71f7af\" data-element_type=\"widget\" data-widget_type=\"heading.default\">\n\t\t\t\t<div class=\"elementor-widget-container\">\n\t\t\t\t\t<h3 class=\"elementor-heading-title elementor-size-default\">\u0110\u01a1n xin \u0111\u0103ng k\u00fd h\u1ecdc b\u1ed5ng d\u00e0nh cho c\u00e1c em sinh vi\u00ean<\/h3>\t\t\t\t<\/div>\n\t\t\t\t<\/div>\n\t\t\t\t<div class=\"elementor-element elementor-element-f72f6d2 elementor-icon-list--layout-traditional elementor-list-item-link-full_width elementor-widget elementor-widget-icon-list\" data-id=\"f72f6d2\" data-element_type=\"widget\" data-widget_type=\"icon-list.default\">\n\t\t\t\t<div class=\"elementor-widget-container\">\n\t\t\t\t\t\t\t<ul class=\"elementor-icon-list-items\">\n\t\t\t\t\t\t\t<li class=\"elementor-icon-list-item\">\n\t\t\t\t\t\t\t\t\t\t\t<span class=\"elementor-icon-list-icon\">\n\t\t\t\t\t\t\t<i aria-hidden=\"true\" class=\"fas fa-dot-circle\"><\/i>\t\t\t\t\t\t<\/span>\n\t\t\t\t\t\t\t\t\t\t<span class=\"elementor-icon-list-text\"><span style=\"font-size: 16px; font-style: normal; font-weight: 400;\">Application open March 6, 2023 through June 30, 2023<\/span><\/span>\n\t\t\t\t\t\t\t\t\t<\/li>\n\t\t\t\t\t\t<\/ul>\n\t\t\t\t\t\t<\/div>\n\t\t\t\t<\/div>\n\t\t\t\t<div class=\"elementor-element elementor-element-54c1e6a elementor-vertical-align-top elementor-widget elementor-widget-image-box\" data-id=\"54c1e6a\" data-element_type=\"widget\" data-widget_type=\"image-box.default\">\n\t\t\t\t<div class=\"elementor-widget-container\">\n\t\t\t\t\t<div class=\"elementor-image-box-wrapper\"><div class=\"elementor-image-box-content\"><p class=\"elementor-image-box-description\">Qu\u00e1 tr\u00ecnh x\u00e9t duy\u1ec7t h\u1ecdc b\u1ed5ng n\u00e0y: c\u00e1c em sinh vi\u00ean ph\u1ea3i \u0111ang theo h\u1ecdc t\u1ea1i m\u1ed9t tr\u01b0\u1eddng \u0111\u1ea1i h\u1ecdc ch\u00ednh quy Vi\u1ec7t Nam. C\u00e1c em ph\u1ea3i n\u1ed9p m\u1ed9t b\u00e0i lu\u1eadn v\u0103n nh\u1ecf n\u00f3i v\u1ec1 b\u1ea3n th\u00e2n, sau \u0111\u00f3 s\u1ebd \u0111\u01b0\u1ee3c s\u1eafp x\u1ebfp cho m\u1ed9t bu\u1ed5i ph\u1ecfng v\u1ea5n v\u1edbi c\u00e1c th\u00e0nh vi\u00ean trong ban \u0111i\u1ec3u h\u00e0nh c\u1ee7a qu\u1ef9 t\u1eeb thi\u1ec7n n\u00e0y. <\/p><\/div><\/div>\t\t\t\t<\/div>\n\t\t\t\t<\/div>\n\t\t\t\t<div class=\"elementor-element elementor-element-64c63d8 elementor-icon-list--layout-traditional elementor-list-item-link-full_width elementor-widget elementor-widget-icon-list\" data-id=\"64c63d8\" data-element_type=\"widget\" data-widget_type=\"icon-list.default\">\n\t\t\t\t<div class=\"elementor-widget-container\">\n\t\t\t\t\t\t\t<ul class=\"elementor-icon-list-items\">\n\t\t\t\t\t\t\t<li class=\"elementor-icon-list-item\">\n\t\t\t\t\t\t\t\t\t\t\t<span class=\"elementor-icon-list-icon\">\n\t\t\t\t\t\t\t<i aria-hidden=\"true\" class=\"far fa-check-circle\"><\/i>\t\t\t\t\t\t<\/span>\n\t\t\t\t\t\t\t\t\t\t<span class=\"elementor-icon-list-text\">Ph\u1ea3i th\u1eadt s\u1ef1 g\u1eb7p kh\u00f3 kh\u0103n v\u1ec1 t\u00e0i ch\u00ednh<\/span>\n\t\t\t\t\t\t\t\t\t<\/li>\n\t\t\t\t\t\t\t\t<li class=\"elementor-icon-list-item\">\n\t\t\t\t\t\t\t\t\t\t\t<span class=\"elementor-icon-list-icon\">\n\t\t\t\t\t\t\t<i aria-hidden=\"true\" class=\"far fa-check-circle\"><\/i>\t\t\t\t\t\t<\/span>\n\t\t\t\t\t\t\t\t\t\t<span class=\"elementor-icon-list-text\">Ph\u1ea3i \u0111\u01b0\u1ee3c ch\u1ea5p thu\u1eadn \u0111\u1eadu m\u1ed9t tr\u01b0\u1eddng \u0111\u1ea1i h\u1ecdc\/cao \u0111\u1eb3ng hay l\u00e0 \u0111ang theo h\u1ecdc t\u1ea1i m\u1ed9t tr\u01b0\u1eddng \u0110H\/C\u0110.<\/span>\n\t\t\t\t\t\t\t\t\t<\/li>\n\t\t\t\t\t\t\t\t<li class=\"elementor-icon-list-item\">\n\t\t\t\t\t\t\t\t\t\t\t<span class=\"elementor-icon-list-icon\">\n\t\t\t\t\t\t\t<i aria-hidden=\"true\" class=\"far fa-check-circle\"><\/i>\t\t\t\t\t\t<\/span>\n\t\t\t\t\t\t\t\t\t\t<span class=\"elementor-icon-list-text\">Ph\u1ea3i \u0111\u1ea1t trung b\u00ecnh \u0111i\u1ec3m 8,0<\/span>\n\t\t\t\t\t\t\t\t\t<\/li>\n\t\t\t\t\t\t<\/ul>\n\t\t\t\t\t\t<\/div>\n\t\t\t\t<\/div>\n\t\t\t\t<div class=\"elementor-element elementor-element-7ccb0d1 elementor-widget elementor-widget-button\" data-id=\"7ccb0d1\" data-element_type=\"widget\" data-widget_type=\"button.default\">\n\t\t\t\t<div class=\"elementor-widget-container\">\n\t\t\t\t\t\t\t\t\t<div class=\"elementor-button-wrapper\">\n\t\t\t\t\t<a class=\"elementor-button elementor-button-link elementor-size-sm\" href=\"https:\/\/docs.google.com\/forms\/d\/13eNK1ThxM51etBUKRjVSy440vPGpDzFmTxPxYHj9iPU\/viewform\">\n\t\t\t\t\t\t<span class=\"elementor-button-content-wrapper\">\n\t\t\t\t\t\t<span class=\"elementor-button-icon\">\n\t\t\t\t<i aria-hidden=\"true\" class=\"fas fa-long-arrow-alt-right\"><\/i>\t\t\t<\/span>\n\t\t\t\t\t\t\t\t\t<span class=\"elementor-button-text\">\u0110\u01a1n \u0111\u0103ng k\u00fd (ENG)<\/span>\n\t\t\t\t\t<\/span>\n\t\t\t\t\t<\/a>\n\t\t\t\t<\/div>\n\t\t\t\t\t\t\t\t<\/div>\n\t\t\t\t<\/div>\n\t\t\t\t<div class=\"elementor-element elementor-element-4af1305 elementor-widget elementor-widget-button\" data-id=\"4af1305\" data-element_type=\"widget\" data-widget_type=\"button.default\">\n\t\t\t\t<div class=\"elementor-widget-container\">\n\t\t\t\t\t\t\t\t\t<div class=\"elementor-button-wrapper\">\n\t\t\t\t\t<a class=\"elementor-button elementor-button-link elementor-size-sm\" href=\"https:\/\/docs.google.com\/forms\/d\/1l7OqlrlN6_IWzJEAkITMIwIJCdiHmKEOcSCVRYl664s\/viewform\">\n\t\t\t\t\t\t<span class=\"elementor-button-content-wrapper\">\n\t\t\t\t\t\t<span class=\"elementor-button-icon\">\n\t\t\t\t<i aria-hidden=\"true\" class=\"fas fa-long-arrow-alt-right\"><\/i>\t\t\t<\/span>\n\t\t\t\t\t\t\t\t\t<span class=\"elementor-button-text\">\u0110\u01a1n \u0111\u0103ng k\u00fd (VIET)<\/span>\n\t\t\t\t\t<\/span>\n\t\t\t\t\t<\/a>\n\t\t\t\t<\/div>\n\t\t\t\t\t\t\t\t<\/div>\n\t\t\t\t<\/div>\n\t\t\t\t\t<\/div>\n\t\t<\/div>\n\t\t\t\t\t<\/div>\n\t\t<\/section>\n\t\t\t\t<section class=\"elementor-section elementor-inner-section elementor-element elementor-element-be5662b elementor-section-content-middle elementor-reverse-mobile elementor-section-boxed elementor-section-height-default elementor-section-height-default\" data-id=\"be5662b\" data-element_type=\"section\">\n\t\t\t\t\t\t<div class=\"elementor-container elementor-column-gap-no\">\n\t\t\t\t\t<div class=\"elementor-column elementor-col-50 elementor-inner-column elementor-element elementor-element-ea335fa\" data-id=\"ea335fa\" data-element_type=\"column\">\n\t\t\t<div class=\"elementor-widget-wrap elementor-element-populated\">\n\t\t\t\t\t\t<div class=\"elementor-element elementor-element-2c74b6f elementor-widget elementor-widget-heading\" data-id=\"2c74b6f\" data-element_type=\"widget\" data-widget_type=\"heading.default\">\n\t\t\t\t<div class=\"elementor-widget-container\">\n\t\t\t\t\t<h3 class=\"elementor-heading-title elementor-size-default\">\u0110\u01a1n xin c\u1ea5p h\u1ecdc b\u1ed5ng d\u00e0nh cho c\u00e1c em h\u1ecdc sinh<\/h3>\t\t\t\t<\/div>\n\t\t\t\t<\/div>\n\t\t\t\t<div class=\"elementor-element elementor-element-d93f9e3 elementor-icon-list--layout-traditional elementor-list-item-link-full_width elementor-widget elementor-widget-icon-list\" data-id=\"d93f9e3\" data-element_type=\"widget\" data-widget_type=\"icon-list.default\">\n\t\t\t\t<div class=\"elementor-widget-container\">\n\t\t\t\t\t\t\t<ul class=\"elementor-icon-list-items\">\n\t\t\t\t\t\t\t<li class=\"elementor-icon-list-item\">\n\t\t\t\t\t\t\t\t\t\t\t<span class=\"elementor-icon-list-icon\">\n\t\t\t\t\t\t\t<i aria-hidden=\"true\" class=\"fas fa-dot-circle\"><\/i>\t\t\t\t\t\t<\/span>\n\t\t\t\t\t\t\t\t\t\t<span class=\"elementor-icon-list-text\">Application open March 6, 2023 through June 30, 2023<\/span>\n\t\t\t\t\t\t\t\t\t<\/li>\n\t\t\t\t\t\t<\/ul>\n\t\t\t\t\t\t<\/div>\n\t\t\t\t<\/div>\n\t\t\t\t<div class=\"elementor-element elementor-element-4e45037 elementor-vertical-align-top elementor-widget elementor-widget-image-box\" data-id=\"4e45037\" data-element_type=\"widget\" data-widget_type=\"image-box.default\">\n\t\t\t\t<div class=\"elementor-widget-container\">\n\t\t\t\t\t<div class=\"elementor-image-box-wrapper\"><div class=\"elementor-image-box-content\"><p class=\"elementor-image-box-description\">Ch\u00fang t\u00f4i \u0111\u1ed3ng th\u1eddi c\u00f3 ch\u01b0\u01a1ng tr\u00ecnh h\u1ecdc b\u1ed5ng d\u00e0nh cho h\u1ecdc sinh ti\u1ec3u h\u1ecdc (c\u1ea5p 1), h\u1ecdc sinh trung h\u1ecdc (c\u1ea5p 2) v\u00e0 h\u1ecdc trung h\u1ecdc ph\u1ed5 th\u00f4ng (c\u1ea5p 3). \u0110\u01a1n xin c\u1ea5p h\u1ecdc b\u1ed5ng n\u00e0y ch\u1ec9 l\u00e0 m\u1ed9t \u0111o\u1ea1n v\u0103n ng\u1eafn gi\u1edbi thi\u1ec7u v\u1ec1 b\u1ea3n th\u00e2n.<\/p><\/div><\/div>\t\t\t\t<\/div>\n\t\t\t\t<\/div>\n\t\t\t\t<div class=\"elementor-element elementor-element-a67b0a6 elementor-icon-list--layout-traditional elementor-list-item-link-full_width elementor-widget elementor-widget-icon-list\" data-id=\"a67b0a6\" data-element_type=\"widget\" data-widget_type=\"icon-list.default\">\n\t\t\t\t<div class=\"elementor-widget-container\">\n\t\t\t\t\t\t\t<ul class=\"elementor-icon-list-items\">\n\t\t\t\t\t\t\t<li class=\"elementor-icon-list-item\">\n\t\t\t\t\t\t\t\t\t\t\t<span class=\"elementor-icon-list-icon\">\n\t\t\t\t\t\t\t<i aria-hidden=\"true\" class=\"far fa-check-circle\"><\/i>\t\t\t\t\t\t<\/span>\n\t\t\t\t\t\t\t\t\t\t<span class=\"elementor-icon-list-text\">Ph\u1ea3i th\u1eadt s\u1ef1 g\u1eb7p kh\u00f3 kh\u0103n v\u1ec1 t\u00e0i ch\u00ednh<\/span>\n\t\t\t\t\t\t\t\t\t<\/li>\n\t\t\t\t\t\t\t\t<li class=\"elementor-icon-list-item\">\n\t\t\t\t\t\t\t\t\t\t\t<span class=\"elementor-icon-list-icon\">\n\t\t\t\t\t\t\t<i aria-hidden=\"true\" class=\"far fa-check-circle\"><\/i>\t\t\t\t\t\t<\/span>\n\t\t\t\t\t\t\t\t\t\t<span class=\"elementor-icon-list-text\">B\u1eaft bu\u1ed9c ph\u1ea3i \u0111ang theo h\u1ecdc t\u1ea1i m\u1ed9t tr\u01b0\u1eddng ch\u00ednh quy ho\u1eb7c tr\u01b0\u1eddng t\u01b0. <\/span>\n\t\t\t\t\t\t\t\t\t<\/li>\n\t\t\t\t\t\t\t\t<li class=\"elementor-icon-list-item\">\n\t\t\t\t\t\t\t\t\t\t\t<span class=\"elementor-icon-list-icon\">\n\t\t\t\t\t\t\t<i aria-hidden=\"true\" class=\"far fa-check-circle\"><\/i>\t\t\t\t\t\t<\/span>\n\t\t\t\t\t\t\t\t\t\t<span class=\"elementor-icon-list-text\"><span style=\"font-size: 16px; font-style: normal; font-weight: 400;\">Ph\u1ea3i \u0111\u1ea1t trung b\u00ecnh \u0111i\u1ec3m 7,0<\/span>ave a minimum score of 7<\/span>\n\t\t\t\t\t\t\t\t\t<\/li>\n\t\t\t\t\t\t<\/ul>\n\t\t\t\t\t\t<\/div>\n\t\t\t\t<\/div>\n\t\t\t\t<div class=\"elementor-element elementor-element-7a3426c elementor-widget elementor-widget-button\" data-id=\"7a3426c\" data-element_type=\"widget\" data-widget_type=\"button.default\">\n\t\t\t\t<div class=\"elementor-widget-container\">\n\t\t\t\t\t\t\t\t\t<div class=\"elementor-button-wrapper\">\n\t\t\t\t\t<a class=\"elementor-button elementor-button-link elementor-size-sm\" href=\"https:\/\/docs.google.com\/forms\/d\/1xDlqYMoOvGKWO7dPsgshGJ_oI27WuULULy6Tqmkh1VY\/viewform\">\n\t\t\t\t\t\t<span class=\"elementor-button-content-wrapper\">\n\t\t\t\t\t\t<span class=\"elementor-button-icon\">\n\t\t\t\t<i aria-hidden=\"true\" class=\"fas fa-long-arrow-alt-right\"><\/i>\t\t\t<\/span>\n\t\t\t\t\t\t\t\t\t<span class=\"elementor-button-text\">\u0110\u01a1n \u0111\u0103ng k\u00fd (ENG)<\/span>\n\t\t\t\t\t<\/span>\n\t\t\t\t\t<\/a>\n\t\t\t\t<\/div>\n\t\t\t\t\t\t\t\t<\/div>\n\t\t\t\t<\/div>\n\t\t\t\t<div class=\"elementor-element elementor-element-c4b80ec elementor-widget elementor-widget-button\" data-id=\"c4b80ec\" data-element_type=\"widget\" data-widget_type=\"button.default\">\n\t\t\t\t<div class=\"elementor-widget-container\">\n\t\t\t\t\t\t\t\t\t<div class=\"elementor-button-wrapper\">\n\t\t\t\t\t<a class=\"elementor-button elementor-button-link elementor-size-sm\" href=\"https:\/\/docs.google.com\/forms\/d\/1luN8fsu8z7Ab54-UKJlWuQVgOf0HK2JTUgSM1JyraSI\/viewform\">\n\t\t\t\t\t\t<span class=\"elementor-button-content-wrapper\">\n\t\t\t\t\t\t<span class=\"elementor-button-icon\">\n\t\t\t\t<i aria-hidden=\"true\" class=\"fas fa-long-arrow-alt-right\"><\/i>\t\t\t<\/span>\n\t\t\t\t\t\t\t\t\t<span class=\"elementor-button-text\">\u0110\u01a1n \u0111\u0103ng k\u00fd (VIET)<\/span>\n\t\t\t\t\t<\/span>\n\t\t\t\t\t<\/a>\n\t\t\t\t<\/div>\n\t\t\t\t\t\t\t\t<\/div>\n\t\t\t\t<\/div>\n\t\t\t\t\t<\/div>\n\t\t<\/div>\n\t\t\t\t<div class=\"elementor-column elementor-col-50 elementor-inner-column elementor-element elementor-element-7466631\" data-id=\"7466631\" data-element_type=\"column\" data-settings=\"{&quot;background_background&quot;:&quot;classic&quot;}\">\n\t\t\t<div class=\"elementor-widget-wrap elementor-element-populated\">\n\t\t\t\t\t<div class=\"elementor-background-overlay\"><\/div>\n\t\t\t\t\t\t<div class=\"elementor-element elementor-element-ae9c3b0 elementor-widget elementor-widget-image\" data-id=\"ae9c3b0\" data-element_type=\"widget\" data-settings=\"{&quot;_animation&quot;:&quot;none&quot;}\" data-widget_type=\"image.default\">\n\t\t\t\t<div class=\"elementor-widget-container\">\n\t\t\t\t\t\t\t\t\t\t\t\t\t\t\t<img decoding=\"async\" width=\"3000\" height=\"3000\" src=\"https:\/\/viet-foundation.org\/wp-content\/uploads\/2020\/09\/download-3.png\" class=\"attachment-full size-full wp-image-1341\" alt=\"\" srcset=\"https:\/\/viet-foundation.org\/wp-content\/uploads\/2020\/09\/download-3.png 3000w, https:\/\/viet-foundation.org\/wp-content\/uploads\/2020\/09\/download-3-300x300.png 300w, https:\/\/viet-foundation.org\/wp-content\/uploads\/2020\/09\/download-3-100x100.png 100w, https:\/\/viet-foundation.org\/wp-content\/uploads\/2020\/09\/download-3-600x600.png 600w, https:\/\/viet-foundation.org\/wp-content\/uploads\/2020\/09\/download-3-1024x1024.png 1024w, https:\/\/viet-foundation.org\/wp-content\/uploads\/2020\/09\/download-3-150x150.png 150w, https:\/\/viet-foundation.org\/wp-content\/uploads\/2020\/09\/download-3-768x768.png 768w, https:\/\/viet-foundation.org\/wp-content\/uploads\/2020\/09\/download-3-1536x1536.png 1536w, https:\/\/viet-foundation.org\/wp-content\/uploads\/2020\/09\/download-3-2048x2048.png 2048w\" sizes=\"(max-width: 3000px) 100vw, 3000px\" \/>\t\t\t\t\t\t\t\t\t\t\t\t\t\t\t<\/div>\n\t\t\t\t<\/div>\n\t\t\t\t\t<\/div>\n\t\t<\/div>\n\t\t\t\t\t<\/div>\n\t\t<\/section>\n\t\t\t\t\t<\/div>\n\t\t<\/div>\n\t\t\t\t\t<\/div>\n\t\t<\/section>\n\t\t\t\t<\/div>","protected":false},"excerpt":{"rendered":"<p>our Scholarship Programs Our scholarship programs are intended to provide financial assistance to low-income and underserved students in rural Vietnam. College Scholarship Application Application open March 6, 2023 through June 30, 2023 Scholarships will be available for students pursuing a degree at an accredited university in Vietnam. Applicants will be required to submit a personal &hellip;<\/p>\n<p class=\"read-more\"> <a class=\"\" href=\"https:\/\/viet-foundation.org\/vi\/scholarships\/\"> <span class=\"screen-reader-text\">H\u1ecdc b\u1ed5ng<\/span> Read More &raquo;<\/a><\/p>","protected":false},"author":1,"featured_media":0,"parent":0,"menu_order":0,"comment_status":"closed","ping_status":"closed","template":"","meta":{"footnotes":""},"class_list":["post-14","page","type-page","status-publish","hentry"],"_links":{"self":[{"href":"https:\/\/viet-foundation.org\/vi\/wp-json\/wp\/v2\/pages\/14","targetHints":{"allow":["GET"]}}],"collection":[{"href":"https:\/\/viet-foundation.org\/vi\/wp-json\/wp\/v2\/pages"}],"about":[{"href":"https:\/\/viet-foundation.org\/vi\/wp-json\/wp\/v2\/types\/page"}],"author":[{"embeddable":true,"href":"https:\/\/viet-foundation.org\/vi\/wp-json\/wp\/v2\/users\/1"}],"replies":[{"embeddable":true,"href":"https:\/\/viet-foundation.org\/vi\/wp-json\/wp\/v2\/comments?post=14"}],"version-history":[{"count":5,"href":"https:\/\/viet-foundation.org\/vi\/wp-json\/wp\/v2\/pages\/14\/revisions"}],"predecessor-version":[{"id":1987,"href":"https:\/\/viet-foundation.org\/vi\/wp-json\/wp\/v2\/pages\/14\/revisions\/1987"}],"wp:attachment":[{"href":"https:\/\/viet-foundation.org\/vi\/wp-json\/wp\/v2\/media?parent=14"}],"curies":[{"name":"wp","href":"https:\/\/api.w.org\/{rel}","templated":true}]}}