{"id":12,"date":"2017-09-14T10:43:41","date_gmt":"2017-09-14T10:43:41","guid":{"rendered":"https:\/\/viet-foundation.org\/\/?page_id=12"},"modified":"2021-06-03T19:19:15","modified_gmt":"2021-06-03T19:19:15","slug":"give","status":"publish","type":"page","link":"https:\/\/viet-foundation.org\/vi\/give\/","title":{"rendered":"Quy\u00ean g\u00f3p"},"content":{"rendered":"<div data-elementor-type=\"wp-post\" data-elementor-id=\"12\" class=\"elementor elementor-12\">\n\t\t\t\t\t\t<section class=\"elementor-section elementor-top-section elementor-element elementor-element-761c3b1 elementor-section-boxed elementor-section-height-default elementor-section-height-default\" data-id=\"761c3b1\" data-element_type=\"section\" data-settings=\"{&quot;background_background&quot;:&quot;classic&quot;}\">\n\t\t\t\t\t\t\t<div class=\"elementor-background-overlay\"><\/div>\n\t\t\t\t\t\t\t<div class=\"elementor-container elementor-column-gap-no\">\n\t\t\t\t\t<div class=\"elementor-column elementor-col-100 elementor-top-column elementor-element elementor-element-dcbabd2\" data-id=\"dcbabd2\" data-element_type=\"column\">\n\t\t\t<div class=\"elementor-widget-wrap elementor-element-populated\">\n\t\t\t\t\t\t<div class=\"elementor-element elementor-element-6ad5bf8 elementor-widget elementor-widget-heading\" data-id=\"6ad5bf8\" data-element_type=\"widget\" data-widget_type=\"heading.default\">\n\t\t\t\t<div class=\"elementor-widget-container\">\n\t\t\t\t\t<h1 class=\"elementor-heading-title elementor-size-default\">B\u1eb1ng c\u00e1ch n\u00e0o \u0111\u1ec3 t\u00f4i c\u00f3 th\u1ec3 tr\u1ee3 gi\u00fap cho qu\u1ef9 t\u1eeb thi\u1ec7n n\u00e0y?<\/h1>\t\t\t\t<\/div>\n\t\t\t\t<\/div>\n\t\t\t\t<div class=\"elementor-element elementor-element-2efbbb3 elementor-widget elementor-widget-text-editor\" data-id=\"2efbbb3\" data-element_type=\"widget\" data-widget_type=\"text-editor.default\">\n\t\t\t\t<div class=\"elementor-widget-container\">\n\t\t\t\t\t\t\t\t\t<p>V\u1edbi s\u1ef1 tr\u1ee3 gi\u00fap c\u1ee7a c\u00e1c b\u1ea1n, ch\u00fang ta c\u00f3 th\u1ec3 c\u1ea3i thi\u1ec7n m\u1ed9t t\u01b0\u01a1ng lai t\u1ed1t h\u01a1n cho c\u1ed9ng \u0111\u1ed3ng c\u1ee7a h\u1ecd b\u1eb1ng vi\u1ec7c \u0111\u1ea7u t\u01b0 v\u00e0o con \u0111\u01b0\u1eddng gi\u00e1o d\u1ee5c c\u1ee7a con em h\u1ecd.\u00a0<\/p>\t\t\t\t\t\t\t\t<\/div>\n\t\t\t\t<\/div>\n\t\t\t\t\t<\/div>\n\t\t<\/div>\n\t\t\t\t\t<\/div>\n\t\t<\/section>\n\t\t\t\t<section class=\"elementor-section elementor-top-section elementor-element elementor-element-673136e elementor-section-boxed elementor-section-height-default elementor-section-height-default\" data-id=\"673136e\" data-element_type=\"section\" data-settings=\"{&quot;background_background&quot;:&quot;classic&quot;}\">\n\t\t\t\t\t\t<div class=\"elementor-container elementor-column-gap-no\">\n\t\t\t\t\t<div class=\"elementor-column elementor-col-100 elementor-top-column elementor-element elementor-element-dc07cf0\" data-id=\"dc07cf0\" data-element_type=\"column\">\n\t\t\t<div class=\"elementor-widget-wrap elementor-element-populated\">\n\t\t\t\t\t\t<section class=\"elementor-section elementor-inner-section elementor-element elementor-element-9ed16be elementor-section-boxed elementor-section-height-default elementor-section-height-default\" data-id=\"9ed16be\" data-element_type=\"section\">\n\t\t\t\t\t\t<div class=\"elementor-container elementor-column-gap-no\">\n\t\t\t\t\t<div class=\"elementor-column elementor-col-25 elementor-inner-column elementor-element elementor-element-a4177ad\" data-id=\"a4177ad\" data-element_type=\"column\" data-settings=\"{&quot;background_background&quot;:&quot;classic&quot;}\">\n\t\t\t<div class=\"elementor-widget-wrap elementor-element-populated\">\n\t\t\t\t\t\t<div class=\"elementor-element elementor-element-a8cb092 elementor-widget elementor-widget-image\" data-id=\"a8cb092\" data-element_type=\"widget\" data-widget_type=\"image.default\">\n\t\t\t\t<div class=\"elementor-widget-container\">\n\t\t\t\t\t\t\t\t\t\t\t\t\t\t\t<img decoding=\"async\" src=\"https:\/\/viet-foundation.org\/wp-content\/uploads\/2020\/09\/clip-payment-processed-1.png\" title=\"clip-payment-processed-1\" alt=\"clip-payment-processed-1\" loading=\"lazy\" \/>\t\t\t\t\t\t\t\t\t\t\t\t\t\t\t<\/div>\n\t\t\t\t<\/div>\n\t\t\t\t<div class=\"elementor-element elementor-element-fcbd290 elementor-widget elementor-widget-image-box\" data-id=\"fcbd290\" data-element_type=\"widget\" data-widget_type=\"image-box.default\">\n\t\t\t\t<div class=\"elementor-widget-container\">\n\t\t\t\t\t<div class=\"elementor-image-box-wrapper\"><div class=\"elementor-image-box-content\"><h4 class=\"elementor-image-box-title\">Quy\u00ean g\u00f3p <\/h4><p class=\"elementor-image-box-description\">S\u1ed1 ti\u1ec3n khuy\u00ean g\u00f3p c\u1ee7a c\u00e1c b\u1ea1n s\u1ebd \u0111\u01b0\u1ee3c s\u1eed d\u1ee5ng trong vi\u1ec7c h\u1ed7 tr\u1ee3 ti\u1ec1n h\u1ecdc ph\u00ed, s\u00e1ch gi\u00e1o khoa v\u00e0 \u0111\u1ed3ng ph\u1ee5c cho c\u00e1c em h\u1ecdc sinh, sinh vi\u00ean tham gia ch\u01b0\u01a1ng tr\u00ecnh qu\u1ef9 h\u1ecdc b\u1ed5ng n\u00e0y. <\/p><\/div><\/div>\t\t\t\t<\/div>\n\t\t\t\t<\/div>\n\t\t\t\t<div class=\"elementor-element elementor-element-f311ac2 elementor-widget elementor-widget-spacer\" data-id=\"f311ac2\" data-element_type=\"widget\" data-widget_type=\"spacer.default\">\n\t\t\t\t<div class=\"elementor-widget-container\">\n\t\t\t\t\t\t\t<div class=\"elementor-spacer\">\n\t\t\t<div class=\"elementor-spacer-inner\"><\/div>\n\t\t<\/div>\n\t\t\t\t\t\t<\/div>\n\t\t\t\t<\/div>\n\t\t\t\t<div class=\"elementor-element elementor-element-7a35255 elementor-align-left elementor-widget elementor-widget-button\" data-id=\"7a35255\" data-element_type=\"widget\" data-widget_type=\"button.default\">\n\t\t\t\t<div class=\"elementor-widget-container\">\n\t\t\t\t\t\t\t\t\t<div class=\"elementor-button-wrapper\">\n\t\t\t\t\t<a class=\"elementor-button elementor-button-link elementor-size-md\" href=\"https:\/\/viet-foundation.org\/vi\/?page_id=1260\">\n\t\t\t\t\t\t<span class=\"elementor-button-content-wrapper\">\n\t\t\t\t\t\t<span class=\"elementor-button-icon\">\n\t\t\t\t<i aria-hidden=\"true\" class=\"fas fa-gift\"><\/i>\t\t\t<\/span>\n\t\t\t\t\t\t\t\t\t<span class=\"elementor-button-text\">Quy\u00ean g\u00f3p<\/span>\n\t\t\t\t\t<\/span>\n\t\t\t\t\t<\/a>\n\t\t\t\t<\/div>\n\t\t\t\t\t\t\t\t<\/div>\n\t\t\t\t<\/div>\n\t\t\t\t\t<\/div>\n\t\t<\/div>\n\t\t\t\t<div class=\"elementor-column elementor-col-25 elementor-inner-column elementor-element elementor-element-5d06460\" data-id=\"5d06460\" data-element_type=\"column\" data-settings=\"{&quot;background_background&quot;:&quot;classic&quot;}\">\n\t\t\t<div class=\"elementor-widget-wrap elementor-element-populated\">\n\t\t\t\t\t\t<div class=\"elementor-element elementor-element-c9fe3c0 elementor-widget elementor-widget-image\" data-id=\"c9fe3c0\" data-element_type=\"widget\" data-widget_type=\"image.default\">\n\t\t\t\t<div class=\"elementor-widget-container\">\n\t\t\t\t\t\t\t\t\t\t\t\t\t\t\t<img decoding=\"async\" src=\"https:\/\/viet-foundation.org\/wp-content\/uploads\/2020\/09\/clip-brainstorm.png\" title=\"clip-brainstorm\" alt=\"clip-brainstorm\" loading=\"lazy\" \/>\t\t\t\t\t\t\t\t\t\t\t\t\t\t\t<\/div>\n\t\t\t\t<\/div>\n\t\t\t\t<div class=\"elementor-element elementor-element-13a5135 elementor-widget elementor-widget-image-box\" data-id=\"13a5135\" data-element_type=\"widget\" data-widget_type=\"image-box.default\">\n\t\t\t\t<div class=\"elementor-widget-container\">\n\t\t\t\t\t<div class=\"elementor-image-box-wrapper\"><div class=\"elementor-image-box-content\"><h4 class=\"elementor-image-box-title\">T\u00ecnh nguy\u1ec7n vi\u00ean<\/h4><p class=\"elementor-image-box-description\">B\u1ea1n mu\u1ed1n tr\u1edf th\u00e0nh t\u00ecnh nguy\u1ec7n vi\u00ean? Xin vui l\u00f2ng g\u1eedi email v\u1edbi \u0111\u1ea7y \u0111\u1ee7 h\u1ecd t\u00ean c\u1ee7a b\u1ea1n v\u00e0 th\u00f4ng tin li\u00ean l\u1ea1c c\u1ee7a b\u1ea1n v\u1ec1 cho ch\u00fang t\u00f4i.  <br> .<\/p><\/div><\/div>\t\t\t\t<\/div>\n\t\t\t\t<\/div>\n\t\t\t\t<div class=\"elementor-element elementor-element-ffd89e9 elementor-widget elementor-widget-spacer\" data-id=\"ffd89e9\" data-element_type=\"widget\" data-widget_type=\"spacer.default\">\n\t\t\t\t<div class=\"elementor-widget-container\">\n\t\t\t\t\t\t\t<div class=\"elementor-spacer\">\n\t\t\t<div class=\"elementor-spacer-inner\"><\/div>\n\t\t<\/div>\n\t\t\t\t\t\t<\/div>\n\t\t\t\t<\/div>\n\t\t\t\t<div class=\"elementor-element elementor-element-f929431 elementor-align-left elementor-widget elementor-widget-button\" data-id=\"f929431\" data-element_type=\"widget\" data-widget_type=\"button.default\">\n\t\t\t\t<div class=\"elementor-widget-container\">\n\t\t\t\t\t\t\t\t\t<div class=\"elementor-button-wrapper\">\n\t\t\t\t\t<a class=\"elementor-button elementor-button-link elementor-size-sm\" href=\"mailto:thevietfoundation.volunteers@gmail.com\">\n\t\t\t\t\t\t<span class=\"elementor-button-content-wrapper\">\n\t\t\t\t\t\t<span class=\"elementor-button-icon\">\n\t\t\t\t<i aria-hidden=\"true\" class=\"fas fa-phone\"><\/i>\t\t\t<\/span>\n\t\t\t\t\t\t\t\t\t<span class=\"elementor-button-text\">Li\u00ean l\u1ea1c v\u1edbi ch\u00fang t\u00f4i<\/span>\n\t\t\t\t\t<\/span>\n\t\t\t\t\t<\/a>\n\t\t\t\t<\/div>\n\t\t\t\t\t\t\t\t<\/div>\n\t\t\t\t<\/div>\n\t\t\t\t\t<\/div>\n\t\t<\/div>\n\t\t\t\t<div class=\"elementor-column elementor-col-25 elementor-inner-column elementor-element elementor-element-197aee7\" data-id=\"197aee7\" data-element_type=\"column\" data-settings=\"{&quot;background_background&quot;:&quot;classic&quot;}\">\n\t\t\t<div class=\"elementor-widget-wrap elementor-element-populated\">\n\t\t\t\t\t\t<div class=\"elementor-element elementor-element-95554a3 elementor-widget elementor-widget-image\" data-id=\"95554a3\" data-element_type=\"widget\" data-widget_type=\"image.default\">\n\t\t\t\t<div class=\"elementor-widget-container\">\n\t\t\t\t\t\t\t\t\t\t\t\t\t\t\t<img decoding=\"async\" src=\"https:\/\/viet-foundation.org\/wp-content\/uploads\/2020\/09\/clip-online-products-shopping-1.png\" title=\"clip-online-products-shopping-1\" alt=\"clip-online-products-shopping-1\" loading=\"lazy\" \/>\t\t\t\t\t\t\t\t\t\t\t\t\t\t\t<\/div>\n\t\t\t\t<\/div>\n\t\t\t\t<div class=\"elementor-element elementor-element-c0947c9 elementor-widget elementor-widget-image-box\" data-id=\"c0947c9\" data-element_type=\"widget\" data-widget_type=\"image-box.default\">\n\t\t\t\t<div class=\"elementor-widget-container\">\n\t\t\t\t\t<div class=\"elementor-image-box-wrapper\"><div class=\"elementor-image-box-content\"><h4 class=\"elementor-image-box-title\">Amazon Smile<\/h4><p class=\"elementor-image-box-description\">When you purchase an eligible item, the AmazonSmile Foundation will donate 0.5% of the purchase price.  <\/p><\/div><\/div>\t\t\t\t<\/div>\n\t\t\t\t<\/div>\n\t\t\t\t<div class=\"elementor-element elementor-element-75d8144 elementor-widget elementor-widget-spacer\" data-id=\"75d8144\" data-element_type=\"widget\" data-widget_type=\"spacer.default\">\n\t\t\t\t<div class=\"elementor-widget-container\">\n\t\t\t\t\t\t\t<div class=\"elementor-spacer\">\n\t\t\t<div class=\"elementor-spacer-inner\"><\/div>\n\t\t<\/div>\n\t\t\t\t\t\t<\/div>\n\t\t\t\t<\/div>\n\t\t\t\t<div class=\"elementor-element elementor-element-e9d37eb elementor-align-left elementor-widget elementor-widget-button\" data-id=\"e9d37eb\" data-element_type=\"widget\" data-widget_type=\"button.default\">\n\t\t\t\t<div class=\"elementor-widget-container\">\n\t\t\t\t\t\t\t\t\t<div class=\"elementor-button-wrapper\">\n\t\t\t\t\t<a class=\"elementor-button elementor-button-link elementor-size-sm\" href=\"https:\/\/smile.amazon.com\/ch\/85-2502099\">\n\t\t\t\t\t\t<span class=\"elementor-button-content-wrapper\">\n\t\t\t\t\t\t<span class=\"elementor-button-icon\">\n\t\t\t\t<i aria-hidden=\"true\" class=\"far fa-smile-wink\"><\/i>\t\t\t<\/span>\n\t\t\t\t\t\t\t\t\t<span class=\"elementor-button-text\">Connect<\/span>\n\t\t\t\t\t<\/span>\n\t\t\t\t\t<\/a>\n\t\t\t\t<\/div>\n\t\t\t\t\t\t\t\t<\/div>\n\t\t\t\t<\/div>\n\t\t\t\t\t<\/div>\n\t\t<\/div>\n\t\t\t\t<div class=\"elementor-column elementor-col-25 elementor-inner-column elementor-element elementor-element-d6b5c48\" data-id=\"d6b5c48\" data-element_type=\"column\" data-settings=\"{&quot;background_background&quot;:&quot;classic&quot;}\">\n\t\t\t<div class=\"elementor-widget-wrap elementor-element-populated\">\n\t\t\t\t\t\t<div class=\"elementor-element elementor-element-f2b485f elementor-widget elementor-widget-image\" data-id=\"f2b485f\" data-element_type=\"widget\" data-widget_type=\"image.default\">\n\t\t\t\t<div class=\"elementor-widget-container\">\n\t\t\t\t\t\t\t\t\t\t\t\t\t\t\t<img decoding=\"async\" src=\"https:\/\/viet-foundation.org\/wp-content\/uploads\/elementor\/thumbs\/clip-internet-banking-application-oy9q5tjnwfedqfjuidpqkpexc7oat0hhddpwksvd34.png\" title=\"clip-internet-banking-application\" alt=\"clip-internet-banking-application\" loading=\"lazy\" \/>\t\t\t\t\t\t\t\t\t\t\t\t\t\t\t<\/div>\n\t\t\t\t<\/div>\n\t\t\t\t<div class=\"elementor-element elementor-element-474eeac elementor-widget elementor-widget-image-box\" data-id=\"474eeac\" data-element_type=\"widget\" data-widget_type=\"image-box.default\">\n\t\t\t\t<div class=\"elementor-widget-container\">\n\t\t\t\t\t<div class=\"elementor-image-box-wrapper\"><div class=\"elementor-image-box-content\"><h4 class=\"elementor-image-box-title\">\u0110\u00f3ng g\u00f3p t\u1ea1i Vi\u1ec7t Nam<\/h4><p class=\"elementor-image-box-description\">N\u1ebfu b\u1ea1n \u0111ang sinh s\u1ed1ng t\u1ea1i Vi\u1ec7t Nam v\u00e0 mu\u1ed1n \u0111\u00f3ng g\u00f3p cho qu\u1ef9 n\u00e0y, sau \u0111\u00e2y l\u00e0 th\u00f4ng tin ng\u00e2n h\u00e0ng c\u1ee7a ch\u00fang t\u00f4i t\u1ea1i VI\u1ec7t Nam.<br><br>\n\nNg\u01b0\u1eddi nh\u1eadn: L\u00ea Li\u00ean H\u01b0\u01a1ng<br>\n<b>Ng\u00e2n h\u00e0ng:<\/b> ACB (Asia Comercial Bank)<br><b>\nS\u1ed1 t\u00e0i kho\u1ea3n: 158690139<\/b> 158690139<br>\n<b>Chi nh\u00e1nh: <\/b>Th\u00e0nh ph\u1ed1 H\u1ed3 Ch\u00ed Minh<br><\/p><\/div><\/div>\t\t\t\t<\/div>\n\t\t\t\t<\/div>\n\t\t\t\t<div class=\"elementor-element elementor-element-5b18fbd elementor-widget elementor-widget-spacer\" data-id=\"5b18fbd\" data-element_type=\"widget\" data-widget_type=\"spacer.default\">\n\t\t\t\t<div class=\"elementor-widget-container\">\n\t\t\t\t\t\t\t<div class=\"elementor-spacer\">\n\t\t\t<div class=\"elementor-spacer-inner\"><\/div>\n\t\t<\/div>\n\t\t\t\t\t\t<\/div>\n\t\t\t\t<\/div>\n\t\t\t\t\t<\/div>\n\t\t<\/div>\n\t\t\t\t\t<\/div>\n\t\t<\/section>\n\t\t\t\t\t<\/div>\n\t\t<\/div>\n\t\t\t\t\t<\/div>\n\t\t<\/section>\n\t\t\t\t<\/div>","protected":false},"excerpt":{"rendered":"<p>How Can I Support The Foundation? With your help, we can improve the future of their communities by investing in the education of their children.\u00a0 Donate Your donation will be used towards providing tuition, textbooks and uniforms to participants of our scholarship programs. Donate Volunteer Do you want to help by volunteering your time? Email &hellip;<\/p>\n<p class=\"read-more\"> <a class=\"\" href=\"https:\/\/viet-foundation.org\/vi\/give\/\"> <span class=\"screen-reader-text\">Quy\u00ean g\u00f3p<\/span> Read More &raquo;<\/a><\/p>","protected":false},"author":1,"featured_media":0,"parent":0,"menu_order":0,"comment_status":"closed","ping_status":"closed","template":"","meta":{"footnotes":""},"class_list":["post-12","page","type-page","status-publish","hentry"],"_links":{"self":[{"href":"https:\/\/viet-foundation.org\/vi\/wp-json\/wp\/v2\/pages\/12","targetHints":{"allow":["GET"]}}],"collection":[{"href":"https:\/\/viet-foundation.org\/vi\/wp-json\/wp\/v2\/pages"}],"about":[{"href":"https:\/\/viet-foundation.org\/vi\/wp-json\/wp\/v2\/types\/page"}],"author":[{"embeddable":true,"href":"https:\/\/viet-foundation.org\/vi\/wp-json\/wp\/v2\/users\/1"}],"replies":[{"embeddable":true,"href":"https:\/\/viet-foundation.org\/vi\/wp-json\/wp\/v2\/comments?post=12"}],"version-history":[{"count":5,"href":"https:\/\/viet-foundation.org\/vi\/wp-json\/wp\/v2\/pages\/12\/revisions"}],"predecessor-version":[{"id":1823,"href":"https:\/\/viet-foundation.org\/vi\/wp-json\/wp\/v2\/pages\/12\/revisions\/1823"}],"wp:attachment":[{"href":"https:\/\/viet-foundation.org\/vi\/wp-json\/wp\/v2\/media?parent=12"}],"curies":[{"name":"wp","href":"https:\/\/api.w.org\/{rel}","templated":true}]}}